{"id":20,"date":"2016-02-03T22:15:54","date_gmt":"2016-02-03T21:15:54","guid":{"rendered":"http:\/\/mapconcept.fr\/?page_id=20"},"modified":"2016-02-03T22:15:54","modified_gmt":"2016-02-03T21:15:54","slug":"le-blog","status":"publish","type":"page","link":"https:\/\/mapconcept.fr\/index.php\/le-blog\/","title":{"rendered":"Le blog"},"content":{"rendered":"<ul class=\"wp-block-latest-posts__list wp-block-latest-posts\"><li><div class=\"wp-block-latest-posts__featured-image aligncenter\"><img loading=\"lazy\" decoding=\"async\" width=\"774\" height=\"518\" src=\"https:\/\/mapconcept.fr\/wp-content\/uploads\/2016\/04\/IMGP8639-1024x685.jpg\" class=\"attachment-large size-large wp-post-image\" alt=\"\" style=\"\" srcset=\"https:\/\/mapconcept.fr\/wp-content\/uploads\/2016\/04\/IMGP8639-1024x685.jpg 1024w, https:\/\/mapconcept.fr\/wp-content\/uploads\/2016\/04\/IMGP8639-300x201.jpg 300w, https:\/\/mapconcept.fr\/wp-content\/uploads\/2016\/04\/IMGP8639-768x514.jpg 768w, https:\/\/mapconcept.fr\/wp-content\/uploads\/2016\/04\/IMGP8639-1536x1028.jpg 1536w, https:\/\/mapconcept.fr\/wp-content\/uploads\/2016\/04\/IMGP8639-2048x1371.jpg 2048w, https:\/\/mapconcept.fr\/wp-content\/uploads\/2016\/04\/IMGP8639-1920x1285.jpg 1920w\" sizes=\"auto, (max-width: 774px) 100vw, 774px\" \/><\/div><a class=\"wp-block-latest-posts__post-title\" href=\"https:\/\/mapconcept.fr\/index.php\/2022\/04\/13\/sensibilites-chromatiques-centre-francais-de-la-couleur-40-ans\/\">Sensibilit\u00e9s chromatiques : Centre Fran\u00e7ais de la Couleur &#124; 40 ans<\/a><div class=\"wp-block-latest-posts__post-excerpt\">&gt; Annie Mollard-Desfour Robert S\u00e8ve, Patrick Callet, Pr\u00e9sentation de l&rsquo;historique du Centre Fran\u00e7ais de la Couleur. &#8211; Michel Albert-Vanel La Couleur envisag\u00e9 dans ses combinaisons en partant des th\u00e9ories de Herring. &#8211; Guy Lecerf Directeur de l&rsquo;IUP Arts Appliqu\u00e9s, directeur de la revue S\u00e9pia. Historique des \u00e9v\u00e9nements du Centre Fran\u00e7ais de la Couleur. Les colloques&hellip;<\/div><\/li>\n<li><div class=\"wp-block-latest-posts__featured-image aligncenter\"><img loading=\"lazy\" decoding=\"async\" width=\"774\" height=\"800\" src=\"https:\/\/mapconcept.fr\/wp-content\/uploads\/2020\/04\/tableau-bacon-zevi.jpg\" class=\"attachment-large size-large wp-post-image\" alt=\"\" style=\"\" srcset=\"https:\/\/mapconcept.fr\/wp-content\/uploads\/2020\/04\/tableau-bacon-zevi.jpg 800w, https:\/\/mapconcept.fr\/wp-content\/uploads\/2020\/04\/tableau-bacon-zevi-290x300.jpg 290w, https:\/\/mapconcept.fr\/wp-content\/uploads\/2020\/04\/tableau-bacon-zevi-768x794.jpg 768w\" sizes=\"auto, (max-width: 774px) 100vw, 774px\" \/><\/div><a class=\"wp-block-latest-posts__post-title\" href=\"https:\/\/mapconcept.fr\/index.php\/2020\/04\/19\/architecture-des-forces-peinture-et-architecture-bacon-x-zevi\/\">Architecture des forces \/\/ peinture et architecture Bacon x Zevi<\/a><div class=\"wp-block-latest-posts__post-excerpt\">Pour un Art des forces. L\u2019art c\u2019est \u00abRendre le Temps visible en lui-m\u00eame\u00bb nous sugg\u00e8re Gilles Deleuze, la peinture c\u2019est \u00abNon pas rendre le visible mais rendre visible\u00bb nous formule Paul Klee, la peinture c\u2019est \u00abPeindre le cri plut\u00f4t que l\u2019horreur\u00bb nous dit Francis Bacon. L\u2019art des forces d\u00e9laisse le spectacle pour la sensation. \u00abLa&hellip;<\/div><\/li>\n<li><div class=\"wp-block-latest-posts__featured-image aligncenter\"><img loading=\"lazy\" decoding=\"async\" width=\"774\" height=\"592\" src=\"https:\/\/mapconcept.fr\/wp-content\/uploads\/2020\/04\/image.png\" class=\"attachment-large size-large wp-post-image\" alt=\"\" style=\"\" srcset=\"https:\/\/mapconcept.fr\/wp-content\/uploads\/2020\/04\/image.png 872w, https:\/\/mapconcept.fr\/wp-content\/uploads\/2020\/04\/image-300x229.png 300w, https:\/\/mapconcept.fr\/wp-content\/uploads\/2020\/04\/image-768x587.png 768w\" sizes=\"auto, (max-width: 774px) 100vw, 774px\" \/><\/div><a class=\"wp-block-latest-posts__post-title\" href=\"https:\/\/mapconcept.fr\/index.php\/2020\/04\/19\/espaces-concentriques-loeuvre-au-coeur-du-pli\/\">Espaces concentriques \/\/ L\u2019oeuvre au c\u0153ur du pli<\/a><div class=\"wp-block-latest-posts__post-excerpt\">Mus\u00e9e et patrimoine Les structures mus\u00e9ales jouent un r\u00f4le d\u00e9terminant dans la mise en oeuvre patrimoniale. En effet, le mus\u00e9e dans ses directives premi\u00e8res avant les r\u00e9volutions architecturales et mus\u00e9ographiques du XXe, organisait, prot\u00e9geait et r\u00e9gissait la communication et la conservation d\u2019\u0153uvres patrimoniales acquises. Le mus\u00e9e est un lieu de friction o\u00f9 le patrimoine acquis&hellip;<\/div><\/li>\n<li><div class=\"wp-block-latest-posts__featured-image aligncenter\"><img loading=\"lazy\" decoding=\"async\" width=\"724\" height=\"1024\" src=\"https:\/\/mapconcept.fr\/wp-content\/uploads\/2020\/04\/analyse-dun-visuel-pdf-724x1024.jpg\" class=\"attachment-large size-large wp-post-image\" alt=\"\" style=\"\" srcset=\"https:\/\/mapconcept.fr\/wp-content\/uploads\/2020\/04\/analyse-dun-visuel-pdf-724x1024.jpg 724w, https:\/\/mapconcept.fr\/wp-content\/uploads\/2020\/04\/analyse-dun-visuel-pdf-212x300.jpg 212w, https:\/\/mapconcept.fr\/wp-content\/uploads\/2020\/04\/analyse-dun-visuel-pdf-768x1087.jpg 768w, https:\/\/mapconcept.fr\/wp-content\/uploads\/2020\/04\/analyse-dun-visuel-pdf.jpg 1058w\" sizes=\"auto, (max-width: 724px) 100vw, 724px\" \/><\/div><a class=\"wp-block-latest-posts__post-title\" href=\"https:\/\/mapconcept.fr\/index.php\/2020\/04\/18\/analyse-dun-visuel\/\">Analyse d&#039;un visuel<\/a><div class=\"wp-block-latest-posts__post-excerpt\">Je partage avec vous une courte fiche m\u00e9thodologique sur l&rsquo;analyse de visuel. J&rsquo;ai r\u00e9alis\u00e9 ce support pour des \u00e9tudiants de premi\u00e8re ann\u00e9e de BTS Design Graphique en Culture de communication mais c&rsquo;est une fiche qui demeure viable pour les DN MADe quelques soient les mentions. Pr\u00e9sentation du visuel Analyse descriptive Analyse interpr\u00e9tative<\/div><\/li>\n<li><div class=\"wp-block-latest-posts__featured-image aligncenter\"><img loading=\"lazy\" decoding=\"async\" width=\"728\" height=\"1024\" src=\"https:\/\/mapconcept.fr\/wp-content\/uploads\/2020\/04\/386751-728x1024.jpg\" class=\"attachment-large size-large wp-post-image\" alt=\"\" style=\"\" srcset=\"https:\/\/mapconcept.fr\/wp-content\/uploads\/2020\/04\/386751-728x1024.jpg 728w, https:\/\/mapconcept.fr\/wp-content\/uploads\/2020\/04\/386751-213x300.jpg 213w, https:\/\/mapconcept.fr\/wp-content\/uploads\/2020\/04\/386751-768x1080.jpg 768w, https:\/\/mapconcept.fr\/wp-content\/uploads\/2020\/04\/386751-1093x1536.jpg 1093w, https:\/\/mapconcept.fr\/wp-content\/uploads\/2020\/04\/386751.jpg 1240w\" sizes=\"auto, (max-width: 728px) 100vw, 728px\" \/><\/div><a class=\"wp-block-latest-posts__post-title\" href=\"https:\/\/mapconcept.fr\/index.php\/2020\/04\/18\/notion-de-dispositif\/\">Notion de dispositif \/\/ Genesis de Nacho Cerd\u00e0<\/a><div class=\"wp-block-latest-posts__post-excerpt\">Exemple du court m\u00e9trage \u00abGenesis\u00bb issu de la Trilogie de la Mort de Nacho Cerd\u00e0 L&rsquo;oeuvre comme dispositif La question de l&rsquo;artialisation pose in\u00e9vitablement la question de l&rsquo;oeuvre. Dans ma d\u00e9marche de recherche, je souhaite mettre en relation les notions de patrimoine, dispositif, oeuvre d&rsquo;art, tableau vivant, image arr\u00eat\u00e9e et archa\u00efque contemporain en r\u00e9sonance aux&hellip;<\/div><\/li>\n<\/ul>","protected":false},"excerpt":{"rendered":"","protected":false},"author":1,"featured_media":0,"parent":0,"menu_order":0,"comment_status":"closed","ping_status":"closed","template":"","meta":{"footnotes":""},"class_list":["post-20","page","type-page","status-publish","hentry"],"_links":{"self":[{"href":"https:\/\/mapconcept.fr\/index.php\/wp-json\/wp\/v2\/pages\/20","targetHints":{"allow":["GET"]}}],"collection":[{"href":"https:\/\/mapconcept.fr\/index.php\/wp-json\/wp\/v2\/pages"}],"about":[{"href":"https:\/\/mapconcept.fr\/index.php\/wp-json\/wp\/v2\/types\/page"}],"author":[{"embeddable":true,"href":"https:\/\/mapconcept.fr\/index.php\/wp-json\/wp\/v2\/users\/1"}],"replies":[{"embeddable":true,"href":"https:\/\/mapconcept.fr\/index.php\/wp-json\/wp\/v2\/comments?post=20"}],"version-history":[{"count":0,"href":"https:\/\/mapconcept.fr\/index.php\/wp-json\/wp\/v2\/pages\/20\/revisions"}],"wp:attachment":[{"href":"https:\/\/mapconcept.fr\/index.php\/wp-json\/wp\/v2\/media?parent=20"}],"curies":[{"name":"wp","href":"https:\/\/api.w.org\/{rel}","templated":true}]}}