{"id":570,"date":"2016-02-03T21:51:26","date_gmt":"2016-02-03T20:51:26","guid":{"rendered":"http:\/\/mapconcept.fr\/?page_id=2"},"modified":"2025-02-15T17:51:33","modified_gmt":"2025-02-15T21:51:33","slug":"agence","status":"publish","type":"page","link":"https:\/\/mapconcept.fr\/index.php\/agence\/","title":{"rendered":"Vous avez dit &quot;designer&quot;?"},"content":{"rendered":"\n<div class=\"wp-block-columns is-layout-flex wp-container-core-columns-is-layout-9d6595d7 wp-block-columns-is-layout-flex\">\n<div class=\"wp-block-column is-layout-flow wp-block-column-is-layout-flow\"><div class=\"wp-block-image\">\n<figure class=\"aligncenter size-full is-resized\"><img loading=\"lazy\" decoding=\"async\" width=\"512\" height=\"512\" src=\"https:\/\/mapconcept.fr\/wp-content\/uploads\/2025\/02\/pp2025irl-1.jpg\" alt=\"\" class=\"wp-image-909\" style=\"width:247px;height:auto\" srcset=\"https:\/\/mapconcept.fr\/wp-content\/uploads\/2025\/02\/pp2025irl-1.jpg 512w, https:\/\/mapconcept.fr\/wp-content\/uploads\/2025\/02\/pp2025irl-1-300x300.jpg 300w, https:\/\/mapconcept.fr\/wp-content\/uploads\/2025\/02\/pp2025irl-1-150x150.jpg 150w\" sizes=\"auto, (max-width: 512px) 100vw, 512px\" \/><\/figure>\n<\/div><\/div>\n\n\n\n<div class=\"wp-block-column is-layout-flow wp-block-column-is-layout-flow\">\n<p>Je suis <strong>Jonathan KIN-FOO,<\/strong> designer,&nbsp;et je vais vous pr\u00e9senter bri\u00e8vement <strong>Multim\u00e9dia Architecture Produit Concept<\/strong>, une agence de design global que j&rsquo;ai fond\u00e9 en 2011 bas\u00e9e actuellement sur la Martinique.<\/p>\n<\/div>\n<\/div>\n\n\n\n<blockquote class=\"wp-block-quote is-layout-flow wp-block-quote-is-layout-flow\">\n<p><em>A la recherche de solutions innovantes? Le design est l\u00e0!<\/em><\/p>\n<\/blockquote>\n\n\n\n<p>M.A.P. Concept vous propose des comp\u00e9tences vari\u00e9es pour l&rsquo;aboutissement de vos projets professionnelles ou personnels.<br>Avec un savoir-faire transversal, une vraie polyvalence dans l&rsquo;approche et une exp\u00e9rience grandissante, nous trouverons, vous et moi, les solutions design adapt\u00e9es. Chez M.A.P Concept, nous privil\u00e9gions une approche humaine et empirique des espaces pour favoriser le mieux vivre ensemble et la valorisation du territoire.<br>M.A.P. Concept, c&rsquo;est effectivement un professionnel qui met ses comp\u00e9tences au service de votre projet mais surtout une oreille attentive et une philosophie du conseil ancr\u00e9e dirig\u00e9e vers une vision professionnelle et humaine du design.<\/p>\n\n\n\n<div class=\"wp-block-media-text alignwide is-stacked-on-mobile\"><figure class=\"wp-block-media-text__media\"><img decoding=\"async\" src=\"https:\/\/mapconcept.fr\/wp-content\/uploads\/2016\/02\/webdesign.png\" alt=\"\" class=\"wp-image-182 size-full\"\/><\/figure><div class=\"wp-block-media-text__content\">\n<p class=\"has-large-font-size\">Multim\u00e9dia<\/p>\n\n\n\n<p>Conception 3D sur Catia v5, web design (CSS, HTML, CMS WordPress, Blogger) montage vid\u00e9o Adobe Premi\u00e8re \/ After Effets, Mastering audio, voix-off, jingle audio, jingle vid\u00e9o.<br>Communication visuelle et graphisme (flyers, plaquette, d\u00e9pliants, logos, pochette d\u2019album, mise en page, m\u00e9dias imprim\u00e9s, livres).<\/p>\n<\/div><\/div>\n\n\n\n<div class=\"wp-block-media-text alignwide is-stacked-on-mobile\"><figure class=\"wp-block-media-text__media\"><img decoding=\"async\" src=\"https:\/\/mapconcept.fr\/wp-content\/uploads\/2016\/02\/architecture.png\" alt=\"\" class=\"wp-image-183 size-full\"\/><\/figure><div class=\"wp-block-media-text__content\">\n<p class=\"has-large-font-size\">Architecture<\/p>\n\n\n\n<p>Etude chromatique, charte immobili\u00e8re, design d\u2019espace, am\u00e9nagement d&rsquo;espace, ergonomie, optimisation des espaces de travail, sc\u00e9nographie, installations, dispositifs.<\/p>\n<\/div><\/div>\n\n\n\n<div class=\"wp-block-media-text alignwide is-stacked-on-mobile\"><figure class=\"wp-block-media-text__media\"><img decoding=\"async\" src=\"https:\/\/mapconcept.fr\/wp-content\/uploads\/2016\/02\/produit.png\" alt=\"\" class=\"wp-image-181 size-full\"\/><\/figure><div class=\"wp-block-media-text__content\">\n<p class=\"has-large-font-size\">Produit<\/p>\n\n\n\n<p>Elaboration technique des produits, \u00e9co-conception, design to cost, conception de gamme chromatique.<\/p>\n<\/div><\/div>\n\n\n\n<div class=\"wp-block-media-text alignwide is-stacked-on-mobile\"><figure class=\"wp-block-media-text__media\"><img decoding=\"async\" src=\"https:\/\/mapconcept.fr\/wp-content\/uploads\/2016\/02\/concept.png\" alt=\"\" class=\"wp-image-184 size-full\"\/><\/figure><div class=\"wp-block-media-text__content\">\n<p class=\"has-large-font-size\">Concept<\/p>\n\n\n\n<p>Accompagnement \u00e0 la cr\u00e9ation, expertise et conseils, d\u00e9marche de projet, gestion d&rsquo;\u00e9quipe cr\u00e9ative, direction artistique.<\/p>\n<\/div><\/div>\n\n\n\n<p><\/p>\n","protected":false},"excerpt":{"rendered":"<p>Je suis Jonathan KIN-FOO, designer,&nbsp;et je vais vous pr\u00e9senter bri\u00e8vement Multim\u00e9dia Architecture Produit Concept, une agence de design global que j&rsquo;ai fond\u00e9 en 2011 bas\u00e9e actuellement sur la Martinique. A la recherche de solutions innovantes? Le design est l\u00e0! M.A.P. Concept vous propose des comp\u00e9tences vari\u00e9es pour l&rsquo;aboutissement de vos projets professionnelles ou personnels.Avec un savoir-faire transversal, une vraie polyvalence dans l&rsquo;approche et une exp\u00e9rience grandissante, nous trouverons, vous et moi, les solutions design adapt\u00e9es. Chez M.A.P Concept, nous privil\u00e9gions une approche humaine et empirique des espaces pour favoriser le mieux vivre ensemble et la valorisation du territoire.M.A.P. Concept, c&rsquo;est&hellip;<\/p>\n","protected":false},"author":1,"featured_media":0,"parent":0,"menu_order":0,"comment_status":"closed","ping_status":"open","template":"","meta":{"footnotes":""},"class_list":["post-570","page","type-page","status-publish","hentry"],"_links":{"self":[{"href":"https:\/\/mapconcept.fr\/index.php\/wp-json\/wp\/v2\/pages\/570","targetHints":{"allow":["GET"]}}],"collection":[{"href":"https:\/\/mapconcept.fr\/index.php\/wp-json\/wp\/v2\/pages"}],"about":[{"href":"https:\/\/mapconcept.fr\/index.php\/wp-json\/wp\/v2\/types\/page"}],"author":[{"embeddable":true,"href":"https:\/\/mapconcept.fr\/index.php\/wp-json\/wp\/v2\/users\/1"}],"replies":[{"embeddable":true,"href":"https:\/\/mapconcept.fr\/index.php\/wp-json\/wp\/v2\/comments?post=570"}],"version-history":[{"count":1,"href":"https:\/\/mapconcept.fr\/index.php\/wp-json\/wp\/v2\/pages\/570\/revisions"}],"predecessor-version":[{"id":910,"href":"https:\/\/mapconcept.fr\/index.php\/wp-json\/wp\/v2\/pages\/570\/revisions\/910"}],"wp:attachment":[{"href":"https:\/\/mapconcept.fr\/index.php\/wp-json\/wp\/v2\/media?parent=570"}],"curies":[{"name":"wp","href":"https:\/\/api.w.org\/{rel}","templated":true}]}}